{"id":235,"date":"2024-05-03T08:23:52","date_gmt":"2024-05-03T08:23:52","guid":{"rendered":"https:\/\/statisfactory.io\/?page_id=235"},"modified":"2024-05-07T14:23:11","modified_gmt":"2024-05-07T14:23:11","slug":"terms-and-conditions","status":"publish","type":"page","link":"https:\/\/statisfactory.io\/sk\/terms-and-conditions\/","title":{"rendered":"Podmienky a pravidl\u00e1"},"content":{"rendered":"<h2 class=\"wp-block-heading\">\u00davod<\/h2><p>V\u00edtame v\u00e1s v Podmienkach pou\u017e\u00edvania webov\u00fdch str\u00e1nok, ktor\u00fdch vlastn\u00edkom a prev\u00e1dzkovate\u013eom je spolo\u010dnos\u0165 Statisfactory Group s .r. o. so s\u00eddlom Bratislava, Budat\u00ednska 16, 851 06, Slovensk\u00e1 republika, e-mailov\u00e1 adresa<strong> <\/strong><a href=\"http:\/\/info@statisfactory.io\/sk\/\">info@statisfactory.io<\/a>a telef\u00f3nne \u010d\u00edslo <a href=\"tel:+421233329721\">+421233329721<\/a>. V t\u00fdchto podmienkach (\u010falej len \"podmienky\") s\u00fa uveden\u00e9 pravidl\u00e1 a predpisy pre pr\u00edstup a pou\u017e\u00edvanie webovej str\u00e1nky, ktor\u00e1 sa nach\u00e1dza na adrese <a href=\"https:\/\/statisfactory.io\/sk\/\">https:\/\/statisfactory.io<\/a>. Pr\u00edstupom na webov\u00e9 str\u00e1nky a ich pou\u017e\u00edvan\u00edm s\u00fahlas\u00edte s t\u00fdmito podmienkami. Ak nes\u00fahlas\u00edte s ktorouko\u013evek \u010das\u0165ou t\u00fdchto podmienok, nesmiete webov\u00fa lokalitu pou\u017e\u00edva\u0165.<\/p><h2 class=\"wp-block-heading\">Povolenie na obmedzen\u00e9 pou\u017e\u00edvanie<\/h2><p>Po splnen\u00ed t\u00fdchto podmienok v\u00e1m spolo\u010dnos\u0165 Statisfactory Group s .r.o. ude\u013euje osobn\u00e9, nev\u00fdhradn\u00e9, neprenosn\u00e9, obmedzen\u00e9 pr\u00e1vo na vstup a pou\u017e\u00edvanie webovej str\u00e1nky. Toto udelenie pr\u00e1v je podmienen\u00e9 dodr\u017eiavan\u00edm v\u0161etk\u00fdch ustanoven\u00ed t\u00fdchto Podmienok. Spolo\u010dnos\u0165 Statisfactory si vyhradzuje v\u00fdhradn\u00e9 pr\u00e1vo kedyko\u013evek zmeni\u0165, upravi\u0165, prida\u0165 alebo odstr\u00e1ni\u0165 \u010dasti t\u00fdchto Podmienok pod\u013ea vlastn\u00e9ho uv\u00e1\u017eenia. Je va\u0161ou povinnos\u0165ou pravidelne kontrolova\u0165 tieto Podmienky z h\u013eadiska zmien. Va\u0161e \u010fal\u0161ie pou\u017e\u00edvanie webovej str\u00e1nky po tak\u00fdchto zmen\u00e1ch znamen\u00e1, \u017ee beriete na vedomie a akceptujete nov\u00e9 Podmienky.<\/p><h2 class=\"wp-block-heading\">Zachovan\u00e9 pr\u00e1va a zmeny<\/h2><p>Statisfactory Group s .r o. si vyhradzuje v\u0161etky pr\u00e1va, ktor\u00e9 nie s\u00fa v tomto dokumente v\u00fdslovne udelen\u00e9. Okrem t\u00fdchto podmienok sa na va\u0161e pou\u017e\u00edvanie webovej lokality Statisfactory na informa\u010dn\u00e9 \u00fa\u010dely vz\u0165ahuj\u00fa z\u00e1sady a pokyny, ktor\u00fdmi sa tak\u00e9to pou\u017e\u00edvanie riadi a ktor\u00e9 s\u00fa tu zahrnut\u00e9 formou odkazu. Spolo\u010dnos\u0165 Statisfactory si tie\u017e vyhradzuje pr\u00e1vo kedyko\u013evek a bez predch\u00e1dzaj\u00faceho upozornenia upravi\u0165, pozastavi\u0165 alebo ukon\u010di\u0165 prev\u00e1dzku alebo pr\u00edstup k webovej lokalite alebo jej \u010dasti z ak\u00e9hoko\u013evek d\u00f4vodu.<\/p><h2 class=\"wp-block-heading\">Vlastn\u00edctvo a pou\u017e\u00edvanie obsahu<\/h2><p>V\u0161etok obsah a materi\u00e1ly poskytovan\u00e9 na webovej lokalite, okrem in\u00e9ho vr\u00e1tane inform\u00e1ci\u00ed, dokumentov, textov, slu\u017eieb, log, grafiky, fotografi\u00ed, zvukov, obr\u00e1zkov, vide\u00ed, ochrann\u00fdch zn\u00e1mok, rozhran\u00ed, hudby, softv\u00e9ru, po\u010d\u00edta\u010dov\u00e9ho k\u00f3du, pou\u017e\u00edvate\u013esk\u00fdch rozhran\u00ed, vizu\u00e1lnych rozhran\u00ed a dizajnu, usporiadania, v\u00fdberu, vyjadrenia a celkov\u00e9ho \"vzh\u013eadu\" webovej lokality (\u010falej len \"obsah\"), vlastn\u00ed, kontroluje alebo licencuje spolo\u010dnos\u0165 Statisfactory Group s.r.o., jej pridru\u017een\u00e9 alebo dc\u00e9rske spolo\u010dnosti alebo jej poskytovatelia - tretie strany. Neopr\u00e1vnen\u00e9 pou\u017e\u00edvanie obsahu m\u00f4\u017ee by\u0165 v rozpore so z\u00e1konmi o du\u0161evnom vlastn\u00edctve a nekalej s\u00fa\u0165a\u017ei.<\/p><h2 class=\"wp-block-heading\">Povolen\u00e9 pou\u017e\u00edvanie materi\u00e1lu<\/h2><p>Informa\u010dn\u00e9 materi\u00e1ly o produktoch a slu\u017eb\u00e1ch spolo\u010dnosti Statisfactory, ktor\u00e9 spolo\u010dnos\u0165 Statisfactory osobitne spr\u00edstupnila na stiahnutie z webovej lokality (ako s\u00fa napr\u00edklad d\u00e1tov\u00e9 listy, biele knihy a podobn\u00e9 materi\u00e1ly), m\u00f4\u017eete pou\u017e\u00edva\u0165 za nasleduj\u00facich podmienok:<\/p><ul><li>Materi\u00e1ly nesmiete \u017eiadnym sp\u00f4sobom upravova\u0165;<\/li>\n\n<li>V materi\u00e1loch sa nach\u00e1dza ozn\u00e1menie o autorsk\u00fdch pr\u00e1vach aj toto ozn\u00e1menie o povolen\u00ed;<\/li>\n\n<li>Materi\u00e1ly sa pou\u017e\u00edvaj\u00fa v\u00fdlu\u010dne na osobn\u00e9, nekomer\u010dn\u00e9 a informa\u010dn\u00e9 \u00fa\u010dely.<\/li><\/ul><h2 class=\"wp-block-heading\">\u010cinnosti, ktor\u00e9 nie s\u00fa povolen\u00e9<\/h2><p>Spolo\u010dnos\u0165 Statisfactory v\u00fdslovne zakazuje ur\u010dit\u00e9 \u010dinnosti vr\u00e1tane z\u00edskania neopr\u00e1vnen\u00e9ho pr\u00edstupu k webovej lokalite, naru\u0161enia jej funk\u010dnosti alebo pou\u017e\u00edvania in\u00fdmi osobami, pokusov o naru\u0161enie jej bezpe\u010dnostn\u00fdch opatren\u00ed, pou\u017e\u00edvania ak\u00fdchko\u013evek automatizovan\u00fdch procesov na pr\u00edstup k webovej lokalite alebo jej monitorovanie a pou\u017e\u00edvania webovej lokality na nez\u00e1konn\u00e9 \u00fa\u010dely.<\/p><h2 class=\"wp-block-heading\">Poru\u0161enie podmienok<\/h2><p>Pou\u017e\u00edvan\u00edm tejto webovej lokality s\u00fahlas\u00edte s t\u00fdm, \u017ee spolo\u010dnos\u0165 Statisfactory m\u00f4\u017ee kedyko\u013evek a pod\u013ea vlastn\u00e9ho uv\u00e1\u017eenia ukon\u010di\u0165 a zablokova\u0165 v\u00e1\u0161 s\u00fa\u010dasn\u00fd a\/alebo bud\u00faci pr\u00edstup na webov\u00fa lokalitu, ak spolo\u010dnos\u0165 Statisfactory zist\u00ed, \u017ee ste poru\u0161ili tieto podmienky alebo ak\u00e9ko\u013evek in\u00e9 dohody alebo usmernenia spolo\u010dnosti Statisfactory, ktor\u00e9 m\u00f4\u017eu by\u0165 spojen\u00e9 s va\u0161\u00edm pou\u017e\u00edvan\u00edm webovej lokality.<\/p><p>Okrem toho s\u00fahlas\u00edte s t\u00fdm, \u017ee poru\u0161enie Podmienok bude predstavova\u0165 nez\u00e1konn\u00e9 a nekal\u00e9 obchodn\u00e9 praktiky a sp\u00f4sob\u00ed spolo\u010dnosti Statisfactory nenapravite\u013en\u00fa \u0161kodu, na ktor\u00fa by pe\u0148a\u017en\u00e9 od\u0161kodnenie nesta\u010dilo.<\/p><p>Okrem toho s\u00fahlas\u00edte s t\u00fdm, aby spolo\u010dnos\u0165 Statisfactory z\u00edskala ak\u00e9ko\u013evek s\u00fadne pr\u00edkazy alebo spravodliv\u00e9 opatrenia, ktor\u00e9 sa za dan\u00fdch okolnost\u00ed pova\u017euj\u00fa za vhodn\u00e9 alebo potrebn\u00e9. Predch\u00e1dzaj\u00face opravn\u00e9 prostriedky s\u00fa doplnkom k ak\u00fdmko\u013evek in\u00fdm opravn\u00fdm prostriedkom, ktor\u00e9 m\u00f4\u017ee ma\u0165 spolo\u010dnos\u0165 Statisfactory zo z\u00e1kona alebo na z\u00e1klade spravodlivosti.<\/p><p>S\u00fahlas\u00edte s t\u00fdm, \u017ee spolo\u010dnos\u0165 Statisfactory m\u00f4\u017ee pod\u013ea vlastn\u00e9ho uv\u00e1\u017eenia a bez predch\u00e1dzaj\u00faceho upozornenia ukon\u010di\u0165 v\u00e1\u0161 pr\u00edstup na webov\u00e9 str\u00e1nky z d\u00f4vodu, ktor\u00fd zah\u0155\u0148a (ale nie je obmedzen\u00fd na):<\/p><ol><li>\u017diadosti org\u00e1nov \u010dinn\u00fdch v trestnom konan\u00ed alebo in\u00fdch vl\u00e1dnych org\u00e1nov.<\/li>\n\n<li>Va\u0161a \u017eiados\u0165 (vymazanie \u00fa\u010dtu z vlastn\u00e9ho podnetu).<\/li>\n\n<li>Preru\u0161enie alebo podstatn\u00e1 zmena webovej str\u00e1nky alebo akejko\u013evek slu\u017eby pon\u00fakanej na webovej str\u00e1nke alebo jej prostredn\u00edctvom.<\/li>\n\n<li>Neo\u010dak\u00e1van\u00e9 technick\u00e9 probl\u00e9my alebo \u0165a\u017ekosti.<\/li><\/ol><p>Ak spolo\u010dnos\u0165 Statisfactory proti v\u00e1m podnikne ak\u00e9ko\u013evek pr\u00e1vne kroky v d\u00f4sledku poru\u0161enia t\u00fdchto Podmienok, spolo\u010dnos\u0165 Statisfactory bude ma\u0165 pr\u00e1vo vym\u00e1ha\u0165 od v\u00e1s a vy s\u00fahlas\u00edte s t\u00fdm, \u017ee okrem ak\u00e9hoko\u013evek in\u00e9ho od\u0161kodnenia poskytnut\u00e9ho spolo\u010dnosti Statisfactory zaplat\u00edte v\u0161etky primeran\u00e9 poplatky a n\u00e1klady na pr\u00e1vne zastupovanie. S\u00fahlas\u00edte s t\u00fdm, \u017ee spolo\u010dnos\u0165 Statisfactory nenesie zodpovednos\u0165 vo\u010di v\u00e1m ani \u017eiadnej tretej strane za ukon\u010denie v\u00e1\u0161ho pr\u00edstupu na webov\u00e9 str\u00e1nky v d\u00f4sledku poru\u0161enia t\u00fdchto Podmienok.<\/p><h2 class=\"wp-block-heading\">Zverej\u0148ovanie inform\u00e1ci\u00ed<\/h2><p>Spolo\u010dnos\u0165 Statisfactory si vyhradzuje pr\u00e1vo zverejni\u0165 inform\u00e1cie o v\u00e1s, ktor\u00e9 pova\u017euje za potrebn\u00e9 na splnenie platn\u00fdch z\u00e1konov, nariaden\u00ed alebo pr\u00e1vnych po\u017eiadaviek. V pr\u00edpade ak\u00e9hoko\u013evek vy\u0161etrovania alebo s\u0165a\u017enosti t\u00fdkaj\u00facej sa v\u00e1\u0161ho pou\u017e\u00edvania webovej str\u00e1nky m\u00f4\u017ee spolo\u010dnos\u0165 Statisfactory zverejni\u0165 inform\u00e1cie o v\u00e1s. Spolo\u010dnos\u0165 Statisfactory m\u00f4\u017ee tie\u017e zverejni\u0165 va\u0161e identifika\u010dn\u00e9 \u00fadaje, aby kontaktovala, identifikovala alebo podnikla kroky proti osobe, ktor\u00e1 po\u0161kodzuje alebo zasahuje do pr\u00e1v spolo\u010dnosti Statisfactory, jej z\u00e1kazn\u00edkov alebo in\u00fdch pou\u017e\u00edvate\u013eov webovej str\u00e1nky.<\/p><h2 class=\"wp-block-heading\">Ochrana osobn\u00fdch \u00fadajov&nbsp;<\/h2><p>Pou\u017e\u00edvan\u00edm webovej str\u00e1nky potvrdzujete, \u017ee ste si vedom\u00ed toho, \u017ee online prenosy nie s\u00fa nikdy \u00faplne s\u00fakromn\u00e9 alebo bezpe\u010dn\u00e9 a \u017ee in\u00e9 osoby m\u00f4\u017eu \u010d\u00edta\u0165 alebo zachyti\u0165 spr\u00e1vy a inform\u00e1cie odoslan\u00e9 na webov\u00fa str\u00e1nku.<\/p><p>Okrem toho beriete na vedomie a s\u00fahlas\u00edte s t\u00fdm, \u017ee spolo\u010dnos\u0165 Statisfactory m\u00f4\u017ee uchov\u00e1va\u0165 v\u0161etky va\u0161e prenosy alebo komunik\u00e1ciu so spolo\u010dnos\u0165ou Statisfactory prostredn\u00edctvom webovej str\u00e1nky alebo akejko\u013evek slu\u017eby pon\u00fakanej na webovej str\u00e1nke alebo prostredn\u00edctvom webovej str\u00e1nky a m\u00f4\u017ee tie\u017e zverejni\u0165 tak\u00e9to \u00fadaje, ak to vy\u017eaduje z\u00e1kon alebo ak spolo\u010dnos\u0165 Statisfactory zist\u00ed, \u017ee tak\u00e9to uchov\u00e1vanie alebo zverejnenie je primerane potrebn\u00e9 na:<br><br><\/p><ul><li>Dodr\u017eiavanie z\u00e1konn\u00e9ho postupu.<\/li>\n\n<li>Vykon\u00e1vanie t\u00fdchto podmienok.<\/li>\n\n<li>reagova\u0165 na tvrdenia, \u017ee ak\u00e9ko\u013evek tak\u00e9to \u00fadaje poru\u0161uj\u00fa pr\u00e1va in\u00fdch os\u00f4b.<\/li>\n\n<li>ochrana pr\u00e1v, majetku alebo osobnej bezpe\u010dnosti spolo\u010dnosti Statisfactory, jej zamestnancov, pou\u017e\u00edvate\u013eov alebo n\u00e1v\u0161tevn\u00edkov webovej str\u00e1nky a verejnosti.<\/li><\/ul><h2 class=\"wp-block-heading\">Pr\u00e1vne odmietnutie zodpovednosti<\/h2><p>Ak spolo\u010dnos\u0165 Statisfactory v\u00fdslovne nestanov\u00ed inak, obsah webovej str\u00e1nky sa poskytuje v stave, v akom je. Spolo\u010dnos\u0165 Statisfactory odmieta v\u0161etky v\u00fdslovn\u00e9 alebo implicitn\u00e9 vyhl\u00e1senia, z\u00e1ruky, garancie a podmienky t\u00fdkaj\u00face sa kvality, vhodnosti, pravdivosti, presnosti alebo \u00faplnosti ak\u00e9hoko\u013evek obsahu na webovej lokalite.<\/p><p>Vy\u0161\u0161ie uveden\u00e9 zrieknutie sa zodpovednosti sa vz\u0165ahuje na ak\u00e9ko\u013evek \u0161kody, zodpovednos\u0165 alebo ujmy sp\u00f4soben\u00e9 ak\u00fdmko\u013evek zlyhan\u00edm, chybou, opomenut\u00edm, preru\u0161en\u00edm, vymazan\u00edm, defektom, oneskoren\u00edm v prev\u00e1dzke alebo prenose, po\u010d\u00edta\u010dov\u00fdm v\u00edrusom, poruchou komunika\u010dnej linky, kr\u00e1de\u017eou alebo neopr\u00e1vnen\u00fdm pr\u00edstupom, zmenou alebo pou\u017eit\u00edm, \u010di u\u017e z d\u00f4vodu poru\u0161enia zmluvy, deliktu, nedbanlivosti alebo z ak\u00e9hoko\u013evek in\u00e9ho d\u00f4vodu.<\/p><h2 class=\"wp-block-heading\">Inform\u00e1cie o du\u0161evnom vlastn\u00edctve<\/h2><p>Webov\u00e1 lokalita a obsah s\u00fa chr\u00e1nen\u00e9 autorsk\u00fdm pr\u00e1vom a in\u00fdmi z\u00e1konmi. Nesm\u00fa sa pren\u00e1\u0161a\u0165, reprodukova\u0165, prepisova\u0165, kop\u00edrova\u0165 ani napodob\u0148ova\u0165 ako celok alebo ich \u010dasti, pokia\u013e to spolo\u010dnos\u0165 Statisfactory v\u00fdslovne nepovol\u00ed. Ak\u00e9ko\u013evek neopr\u00e1vnen\u00e9 pou\u017eitie alebo reprodukcia obsahu webovej lokality m\u00f4\u017ee ma\u0165 za n\u00e1sledok pr\u00e1vne konanie.<\/p><h2 class=\"wp-block-heading\">S\u00fahlas s podmienkami<\/h2><p>Pou\u017e\u00edvan\u00edm webovej str\u00e1nky Statisfactory potvrdzujete, \u017ee ste sa obozn\u00e1mili s t\u00fdmito podmienkami a s\u00fahlas\u00edte s ich dodr\u017eiavan\u00edm. Ak s t\u00fdmito podmienkami nes\u00fahlas\u00edte, zdr\u017ete sa pou\u017e\u00edvania webovej lokality. Va\u0161e \u010fal\u0161ie pou\u017e\u00edvanie webovej lokality znamen\u00e1 s\u00fahlas s t\u00fdmito Podmienkami.<\/p><h2 class=\"wp-block-heading\">Zmeny podmienok<\/h2><p>Spolo\u010dnos\u0165 Statisfactory si vyhradzuje pr\u00e1vo aktualizova\u0165, upravova\u0165 alebo meni\u0165 tieto zmluvn\u00e9 podmienky pod\u013ea vlastn\u00e9ho uv\u00e1\u017eenia. Ak\u00e9ko\u013evek zmeny bud\u00fa \u00fa\u010dinn\u00e9 okam\u017eite po ich zverejnen\u00ed na webovej str\u00e1nke. Je va\u0161ou povinnos\u0165ou pravidelne kontrolova\u0165 tieto Podmienky. Va\u0161e \u010fal\u0161ie pou\u017e\u00edvanie webovej lokality po ak\u00fdchko\u013evek aktualiz\u00e1ci\u00e1ch predstavuje v\u00e1\u0161 s\u00fahlas s upraven\u00fdmi podmienkami.<\/p><h2 class=\"wp-block-heading\">Politika prepojenia<\/h2><p>M\u00f4\u017eete na webov\u00e9 str\u00e1nky Statisfactory odkazova\u0165 z in\u00fdch webov\u00fdch str\u00e1nok za predpokladu, \u017ee tak\u00e9to odkazy s\u00fa vytvoren\u00e9 \u010destne a leg\u00e1lne a nepo\u0161kodzuj\u00fa dobr\u00e9 meno spolo\u010dnosti Statisfactory. Nesmiete v\u0161ak vytvori\u0165 odkaz, ktor\u00fd by nazna\u010doval ak\u00fako\u013evek formu podpory alebo spojenia tam, kde neexistuje. Spolo\u010dnos\u0165 Statisfactory si vyhradzuje pr\u00e1vo zru\u0161i\u0165 povolenie na prepojenie bez predch\u00e1dzaj\u00faceho upozornenia.<\/p><h2 class=\"wp-block-heading\">Obmedzenia zodpovednosti<\/h2><p>Spolo\u010dnos\u0165 Statisfactory a jej pridru\u017een\u00e9 spolo\u010dnosti, zamestnanci, z\u00e1stupcovia a partneri nenes\u00fa zodpovednos\u0165 za \u017eiadne priame, nepriame, n\u00e1hodn\u00e9, osobitn\u00e9 alebo n\u00e1sledn\u00e9 \u0161kody vypl\u00fdvaj\u00face z pou\u017e\u00edvania alebo neschopnosti pou\u017e\u00edva\u0165 t\u00fato webov\u00fa lokalitu, okrem in\u00e9ho vr\u00e1tane ch\u00fdb alebo nepresnost\u00ed na tejto lokalite. Toto obmedzenie zodpovednosti plat\u00ed v maxim\u00e1lnom rozsahu povolenom z\u00e1konom.<\/p><h2 class=\"wp-block-heading\">Od\u0161kodnenie<\/h2><p>Pou\u017e\u00edvan\u00edm webovej lokality Statisfactory s\u00fahlas\u00edte s t\u00fdm, \u017ee od\u0161kodn\u00edte, budete br\u00e1ni\u0165 a zbav\u00edte Statisfactory, jej ved\u00facich pracovn\u00edkov, zamestnancov, z\u00e1stupcov a partnerov zodpovednosti za ak\u00e9ko\u013evek n\u00e1roky, \u0161kody, straty, z\u00e1v\u00e4zky a v\u00fddavky, vr\u00e1tane primeran\u00fdch poplatkov za pr\u00e1vne zastupovanie, ktor\u00e9 vznikli v d\u00f4sledku v\u00e1\u0161ho pou\u017e\u00edvania webovej lokality alebo v s\u00favislosti s va\u0161\u00edm poru\u0161en\u00edm t\u00fdchto zmluvn\u00fdch podmienok.<\/p><h2 class=\"wp-block-heading\">Rie\u0161enie sporov<\/h2><p>Ak\u00e9ko\u013evek konanie s\u00favisiace s t\u00fdmito Podmienkami sa riadi pr\u00e1vom Slovenskej republiky. Neuplatnia sa \u017eiadne pravidl\u00e1 vo\u013eby pr\u00e1va \u017eiadnej jurisdikcie. Ak\u00e9ko\u013evek spory vypl\u00fdvaj\u00face z t\u00fdchto Podmienok alebo s nimi s\u00favisiace sa bud\u00fa rie\u0161i\u0165 rokovan\u00edm, sprostredkovan\u00edm alebo rozhodcovsk\u00fdm konan\u00edm pod\u013ea platn\u00fdch z\u00e1konov a predpisov Slovenskej republiky.<\/p><h2 class=\"wp-block-heading\">Kontaktovanie pr\u00e1vneho oddelenia<\/h2><p>Ak m\u00e1te ak\u00e9ko\u013evek ot\u00e1zky t\u00fdkaj\u00face sa t\u00fdchto podmienok alebo chcete z\u00edska\u0165 povolenie na pou\u017eitie ak\u00e9hoko\u013evek obsahu, kontaktujte spolo\u010dnos\u0165 Statisfactory:<br><br><\/p><ul><li>Prostredn\u00edctvom e-mailu na adrese <a href=\"http:\/\/info@statisfactory.io\/sk\/\">info@statisfactory.io<\/a>;<\/li>\n\n<li>Telefonicky na <a href=\"tel:+421233329721\">+421233329721<\/a>;<\/li>\n\n<li>Alebo prostredn\u00edctvom kontaktn\u00e9ho formul\u00e1ra na webovej str\u00e1nke: <a href=\"https:\/\/statisfactory.io\/sk\/contact\/\">https:\/\/statisfactory.io\/contact\/<\/a>.<\/li><\/ul>","protected":false},"excerpt":{"rendered":"<p>\u00davod V\u00edtame v\u00e1s v Podmienkach pou\u017e\u00edvania webov\u00fdch str\u00e1nok, ktor\u00fdch vlastn\u00edkom a prev\u00e1dzkovate\u013eom je spolo\u010dnos\u0165 Statisfactory Group s .r. o. so s\u00eddlom Bratislava, Budat\u00ednska 16, 851 06, Slovensk\u00e1 republika, e-mailovou adresou info@statisfactory.io a telef\u00f3nnym \u010d\u00edslom +421233329721. Tieto V\u0161eobecn\u00e9 podmienky (\u010falej len \"Podmienky\") stanovuj\u00fa pravidl\u00e1 a predpisy pre pr\u00edstup a pou\u017e\u00edvanie [...]<\/p>","protected":false},"author":1,"featured_media":0,"parent":0,"menu_order":0,"comment_status":"closed","ping_status":"closed","template":"template-pages\/policy-template.php","meta":{"_acf_changed":false,"footnotes":""},"acf":[],"yoast_head":"<!-- This site is optimized with the Yoast SEO plugin v23.0 - https:\/\/yoast.com\/wordpress\/plugins\/seo\/ -->\n<title>Terms and Conditions - Statisfactory<\/title>\n<meta name=\"robots\" content=\"index, follow, max-snippet:-1, max-image-preview:large, max-video-preview:-1\" \/>\n<link rel=\"canonical\" href=\"https:\/\/statisfactory.io\/sk\/terms-and-conditions\/\" \/>\n<meta property=\"og:locale\" content=\"sk_SK\" \/>\n<meta property=\"og:type\" content=\"article\" \/>\n<meta property=\"og:title\" content=\"Terms and Conditions - Statisfactory\" \/>\n<meta property=\"og:description\" content=\"Introduction Welcome to the Terms and Conditions governing using the website owned and operated by Statisfactory Group s .r o. with its registered address at Bratislava, Budatinska 16, 851 06, Slovak Republic, email address info@statisfactory.io, and phone number +421233329721. These Terms and Conditions (the \u201cTerms\u201d) outline the rules and regulations for accessing and using the [&hellip;]\" \/>\n<meta property=\"og:url\" content=\"https:\/\/statisfactory.io\/sk\/terms-and-conditions\/\" \/>\n<meta property=\"og:site_name\" content=\"Statisfactory\" \/>\n<meta property=\"article:modified_time\" content=\"2024-05-07T14:23:11+00:00\" \/>\n<meta name=\"twitter:card\" content=\"summary_large_image\" \/>\n<meta name=\"twitter:label1\" content=\"Predpokladan\u00fd \u010das \u010d\u00edtania\" \/>\n\t<meta name=\"twitter:data1\" content=\"7 min\u00fat\" \/>\n<script type=\"application\/ld+json\" class=\"yoast-schema-graph\">{\"@context\":\"https:\/\/schema.org\",\"@graph\":[{\"@type\":\"WebPage\",\"@id\":\"https:\/\/statisfactory.io\/terms-and-conditions\/\",\"url\":\"https:\/\/statisfactory.io\/terms-and-conditions\/\",\"name\":\"Terms and Conditions - Statisfactory\",\"isPartOf\":{\"@id\":\"https:\/\/statisfactory.io\/#website\"},\"datePublished\":\"2024-05-03T08:23:52+00:00\",\"dateModified\":\"2024-05-07T14:23:11+00:00\",\"breadcrumb\":{\"@id\":\"https:\/\/statisfactory.io\/terms-and-conditions\/#breadcrumb\"},\"inLanguage\":\"sk-SK\",\"potentialAction\":[{\"@type\":\"ReadAction\",\"target\":[\"https:\/\/statisfactory.io\/terms-and-conditions\/\"]}]},{\"@type\":\"BreadcrumbList\",\"@id\":\"https:\/\/statisfactory.io\/terms-and-conditions\/#breadcrumb\",\"itemListElement\":[{\"@type\":\"ListItem\",\"position\":1,\"name\":\"Home\",\"item\":\"https:\/\/statisfactory.io\/\"},{\"@type\":\"ListItem\",\"position\":2,\"name\":\"Terms and Conditions\"}]},{\"@type\":\"WebSite\",\"@id\":\"https:\/\/statisfactory.io\/#website\",\"url\":\"https:\/\/statisfactory.io\/\",\"name\":\"Statisfactory\",\"description\":\"\",\"publisher\":{\"@id\":\"https:\/\/statisfactory.io\/#organization\"},\"potentialAction\":[{\"@type\":\"SearchAction\",\"target\":{\"@type\":\"EntryPoint\",\"urlTemplate\":\"https:\/\/statisfactory.io\/?s={search_term_string}\"},\"query-input\":\"required name=search_term_string\"}],\"inLanguage\":\"sk-SK\"},{\"@type\":\"Organization\",\"@id\":\"https:\/\/statisfactory.io\/#organization\",\"name\":\"Statisfactory\",\"url\":\"https:\/\/statisfactory.io\/\",\"logo\":{\"@type\":\"ImageObject\",\"inLanguage\":\"sk-SK\",\"@id\":\"https:\/\/statisfactory.io\/#\/schema\/logo\/image\/\",\"url\":\"https:\/\/statisfactory.io\/wp-content\/uploads\/2024\/05\/statisfactory_logo.svg\",\"contentUrl\":\"https:\/\/statisfactory.io\/wp-content\/uploads\/2024\/05\/statisfactory_logo.svg\",\"width\":211,\"height\":32,\"caption\":\"Statisfactory\"},\"image\":{\"@id\":\"https:\/\/statisfactory.io\/#\/schema\/logo\/image\/\"}}]}<\/script>\n<!-- \/ Yoast SEO plugin. -->","yoast_head_json":{"title":"Terms and Conditions - Statisfactory","robots":{"index":"index","follow":"follow","max-snippet":"max-snippet:-1","max-image-preview":"max-image-preview:large","max-video-preview":"max-video-preview:-1"},"canonical":"https:\/\/statisfactory.io\/sk\/terms-and-conditions\/","og_locale":"sk_SK","og_type":"article","og_title":"Terms and Conditions - Statisfactory","og_description":"Introduction Welcome to the Terms and Conditions governing using the website owned and operated by Statisfactory Group s .r o. with its registered address at Bratislava, Budatinska 16, 851 06, Slovak Republic, email address info@statisfactory.io, and phone number +421233329721. These Terms and Conditions (the \u201cTerms\u201d) outline the rules and regulations for accessing and using the [&hellip;]","og_url":"https:\/\/statisfactory.io\/sk\/terms-and-conditions\/","og_site_name":"Statisfactory","article_modified_time":"2024-05-07T14:23:11+00:00","twitter_card":"summary_large_image","twitter_misc":{"Predpokladan\u00fd \u010das \u010d\u00edtania":"7 min\u00fat"},"schema":{"@context":"https:\/\/schema.org","@graph":[{"@type":"WebPage","@id":"https:\/\/statisfactory.io\/terms-and-conditions\/","url":"https:\/\/statisfactory.io\/terms-and-conditions\/","name":"Terms and Conditions - Statisfactory","isPartOf":{"@id":"https:\/\/statisfactory.io\/#website"},"datePublished":"2024-05-03T08:23:52+00:00","dateModified":"2024-05-07T14:23:11+00:00","breadcrumb":{"@id":"https:\/\/statisfactory.io\/terms-and-conditions\/#breadcrumb"},"inLanguage":"sk-SK","potentialAction":[{"@type":"ReadAction","target":["https:\/\/statisfactory.io\/terms-and-conditions\/"]}]},{"@type":"BreadcrumbList","@id":"https:\/\/statisfactory.io\/terms-and-conditions\/#breadcrumb","itemListElement":[{"@type":"ListItem","position":1,"name":"Home","item":"https:\/\/statisfactory.io\/"},{"@type":"ListItem","position":2,"name":"Terms and Conditions"}]},{"@type":"WebSite","@id":"https:\/\/statisfactory.io\/#website","url":"https:\/\/statisfactory.io\/","name":"Statisfactory","description":"","publisher":{"@id":"https:\/\/statisfactory.io\/#organization"},"potentialAction":[{"@type":"SearchAction","target":{"@type":"EntryPoint","urlTemplate":"https:\/\/statisfactory.io\/?s={search_term_string}"},"query-input":"required name=search_term_string"}],"inLanguage":"sk-SK"},{"@type":"Organization","@id":"https:\/\/statisfactory.io\/#organization","name":"Statisfactory","url":"https:\/\/statisfactory.io\/","logo":{"@type":"ImageObject","inLanguage":"sk-SK","@id":"https:\/\/statisfactory.io\/#\/schema\/logo\/image\/","url":"https:\/\/statisfactory.io\/wp-content\/uploads\/2024\/05\/statisfactory_logo.svg","contentUrl":"https:\/\/statisfactory.io\/wp-content\/uploads\/2024\/05\/statisfactory_logo.svg","width":211,"height":32,"caption":"Statisfactory"},"image":{"@id":"https:\/\/statisfactory.io\/#\/schema\/logo\/image\/"}}]}},"_links":{"self":[{"href":"https:\/\/statisfactory.io\/sk\/wp-json\/wp\/v2\/pages\/235"}],"collection":[{"href":"https:\/\/statisfactory.io\/sk\/wp-json\/wp\/v2\/pages"}],"about":[{"href":"https:\/\/statisfactory.io\/sk\/wp-json\/wp\/v2\/types\/page"}],"author":[{"embeddable":true,"href":"https:\/\/statisfactory.io\/sk\/wp-json\/wp\/v2\/users\/1"}],"replies":[{"embeddable":true,"href":"https:\/\/statisfactory.io\/sk\/wp-json\/wp\/v2\/comments?post=235"}],"version-history":[{"count":7,"href":"https:\/\/statisfactory.io\/sk\/wp-json\/wp\/v2\/pages\/235\/revisions"}],"predecessor-version":[{"id":282,"href":"https:\/\/statisfactory.io\/sk\/wp-json\/wp\/v2\/pages\/235\/revisions\/282"}],"wp:attachment":[{"href":"https:\/\/statisfactory.io\/sk\/wp-json\/wp\/v2\/media?parent=235"}],"curies":[{"name":"wp","href":"https:\/\/api.w.org\/{rel}","templated":true}]}}