{"id":3,"date":"2024-04-30T13:04:29","date_gmt":"2024-04-30T13:04:29","guid":{"rendered":"http:\/\/statisfactory.io\/?page_id=3"},"modified":"2024-05-07T14:20:33","modified_gmt":"2024-05-07T14:20:33","slug":"privacy-policy","status":"publish","type":"page","link":"https:\/\/statisfactory.io\/sk\/privacy-policy\/","title":{"rendered":"Z\u00e1sady ochrany osobn\u00fdch \u00fadajov"},"content":{"rendered":"<h2 class=\"wp-block-heading\">Pokrytie politiky<\/h2><p>Tieto z\u00e1sady ochrany osobn\u00fdch \u00fadajov vymedzuj\u00fa z\u00e1v\u00e4zky spolo\u010dnosti Statisfactory Group s .r. o. so s\u00eddlom na adrese Bratislava, Budat\u00ednska 16, 851 06, Slovensk\u00e1 republika, e-mailov\u00e1 adresa<strong> <\/strong><a href=\"http:\/\/info@statisfactory.io\/sk\/\">info@statisfactory.io<\/a>a telef\u00f3nne \u010d\u00edslo <a href=\"http:\/\/+421233329721\">+421233329721<\/a> na ochranu v\u00e1\u0161ho s\u00fakromia vo v\u0161etk\u00fdch oper\u00e1ci\u00e1ch. \u010ci u\u017e s nami komunikujete prostredn\u00edctvom na\u0161ich digit\u00e1lnych platforiem alebo offline kan\u00e1lov, tieto z\u00e1sady upravuj\u00fa zhroma\u017e\u010fovanie, spracovanie a pou\u017e\u00edvanie va\u0161ich osobn\u00fdch \u00fadajov. Na\u0161a oddanos\u0165 ochrane osobn\u00fdch \u00fadajov sa vz\u0165ahuje na ka\u017ed\u00fd kontaktn\u00fd bod, kde sa zhroma\u017e\u010fuj\u00fa \u00fadaje, \u010d\u00edm zabezpe\u010dujeme transparentnos\u0165 a zodpovednos\u0165 na\u0161ich postupov.<\/p><h2 class=\"wp-block-heading\">Extern\u00e9 str\u00e1nky a funkcie<\/h2><p>Pri prech\u00e1dzan\u00ed online kan\u00e1lmi spolo\u010dnosti Statisfactory m\u00f4\u017eete narazi\u0165 na odkazy na webov\u00e9 str\u00e1nky alebo funkcie tret\u00edch str\u00e1n. Tieto prepojenia s\u00fa poskytovan\u00e9 pre va\u0161e pohodlie, ale je nevyhnutn\u00e9 si uvedomi\u0165, \u017ee spolo\u010dnos\u0165 Statisfactory nem\u00e1 kontrolu nad t\u00fdmito extern\u00fdmi str\u00e1nkami ani nad ich protokolmi o ochrane osobn\u00fdch \u00fadajov. Hoci si svojich partnerov starostlivo vyber\u00e1me, odpor\u00fa\u010dame v\u00e1m, aby ste si pre\u0161tudovali z\u00e1sady ochrany osobn\u00fdch \u00fadajov v\u0161etk\u00fdch platforiem tret\u00edch str\u00e1n, s ktor\u00fdmi spolupracujete, aby ste sa uistili, \u017ee sa s va\u0161imi \u00fadajmi zaobch\u00e1dza v s\u00falade s va\u0161imi preferenciami.<\/p><h2 class=\"wp-block-heading\">Ponuky na spolupr\u00e1cu<\/h2><p>Aby sme na\u0161im pou\u017e\u00edvate\u013eom poskytli vy\u0161\u0161iu hodnotu, spolo\u010dnos\u0165 Statisfactory pr\u00edle\u017eitostne spolupracuje s partnermi a pon\u00faka im spolo\u010dn\u00e9 propaga\u010dn\u00e9 akcie alebo slu\u017eby pod spolo\u010dnou zna\u010dkou. V tak\u00fdchto pr\u00edpadoch m\u00f4\u017eu by\u0165 osobn\u00e9 \u00fadaje zdie\u013ean\u00e9 pod\u013ea potreby na u\u013eah\u010denie poskytovania t\u00fdchto pon\u00fak. M\u00f4\u017eete si v\u0161ak by\u0165 ist\u00ed, \u017ee dodr\u017eiavame pr\u00edsne normy ochrany \u00fadajov a inform\u00e1cie zverej\u0148ujeme len v s\u00falade s t\u00fdmito z\u00e1sadami ochrany osobn\u00fdch \u00fadajov a platn\u00fdmi predpismi.<\/p><h2 class=\"wp-block-heading\">V\u00fdnimky<\/h2><p>Je nevyhnutn\u00e9 poznamena\u0165, \u017ee tieto z\u00e1sady ochrany osobn\u00fdch \u00fadajov neupravuj\u00fa nakladanie s osobn\u00fdmi \u00fadajmi zhroma\u017eden\u00fdmi po\u010das n\u00e1borov\u00e9ho procesu spolo\u010dnosti Statisfactory. Na\u0161e postupy prij\u00edmania zamestnancov podliehaj\u00fa osobitn\u00fdm z\u00e1sad\u00e1m a postupom, ktor\u00e9 maj\u00fa zabezpe\u010di\u0165 spravodlivos\u0165, rovnos\u0165 a s\u00falad s pr\u00edslu\u0161n\u00fdmi z\u00e1konmi a predpismi o zamestn\u00e1van\u00ed.<\/p><h2 class=\"wp-block-heading\">Inform\u00e1cie, ktor\u00e9 zhroma\u017e\u010fujeme<\/h2><p>V spolo\u010dnosti Statisfactory si uvedomujeme v\u00fdznam personaliz\u00e1cie pri poskytovan\u00ed v\u00fdnimo\u010dn\u00fdch pou\u017e\u00edvate\u013esk\u00fdch sk\u00fasenost\u00ed. Preto zhroma\u017e\u010fujeme r\u00f4zne osobn\u00e9 \u00fadaje, aby sme zabezpe\u010dili, \u017ee ka\u017ed\u00e1 interakcia s na\u0161imi ponukami bude bezprobl\u00e9mov\u00e1 a prisp\u00f4soben\u00e1 va\u0161im preferenci\u00e1m. Sna\u017e\u00edme sa komplexne pochopi\u0165 va\u0161e potreby a o\u010dak\u00e1vania, od z\u00e1kladn\u00fdch kontaktn\u00fdch \u00fadajov a\u017e po zlo\u017eitej\u0161ie poznatky o spr\u00e1van\u00ed pri prehliadan\u00ed a preferenci\u00e1ch. Zachyten\u00edm tohto spektra \u00fadajov si umo\u017e\u0148ujeme vytv\u00e1ra\u0165 slu\u017eby a z\u00e1\u017eitky, ktor\u00e9 s vami hlboko rezonuj\u00fa a obohacuj\u00fa va\u0161u cestu so spolo\u010dnos\u0165ou Statisfactory.<\/p><h2 class=\"wp-block-heading\">Na\u0161e pou\u017e\u00edvanie va\u0161ich inform\u00e1ci\u00ed<\/h2><p>Po zhroma\u017eden\u00ed va\u0161ich osobn\u00fdch \u00fadajov sa tieto stan\u00fa z\u00e1kladom, na ktorom staviame na\u0161e prev\u00e1dzkov\u00e9 \u00fasilie v spolo\u010dnosti Statisfactory. \u010ci u\u017e ide o ur\u00fdchlenie vybavovania objedn\u00e1vok, poskytovanie neochvejnej z\u00e1kazn\u00edckej podpory, hlb\u0161ie anal\u00fdzy alebo vytv\u00e1ranie presved\u010div\u00fdch marketingov\u00fdch iniciat\u00edv, ka\u017ed\u00fd \u00fadaj sa vyu\u017e\u00edva s d\u00f4kladnou starostlivos\u0165ou a etick\u00fdm oh\u013eadom. N\u00e1\u0161 z\u00e1v\u00e4zok zlep\u0161ova\u0165 sk\u00fasenosti pou\u017e\u00edvate\u013eov a z\u00e1rove\u0148 dodr\u017eiava\u0165 najvy\u0161\u0161ie \u0161tandardy ochrany s\u00fakromia a \u00fadajov pod\u010diarkuje ka\u017ed\u00fa \u010dinnos\u0165, ktor\u00fa vykon\u00e1vame s va\u0161imi osobn\u00fdmi \u00fadajmi, \u010d\u00edm zabezpe\u010dujeme, \u017ee va\u0161a d\u00f4vera v Statisfactory je v\u017edy na spr\u00e1vnom mieste.<\/p><h2 class=\"wp-block-heading\">Sledovacie technol\u00f3gie a s\u00fabory cookie<\/h2><p>Vyu\u017e\u00edvanie s\u00faborov cookie, webov\u00fdch maj\u00e1kov a podobn\u00fdch technol\u00f3gi\u00ed je z\u00e1kladom n\u00e1\u0161ho \u00fasilia o zlep\u0161enie va\u0161ich z\u00e1\u017eitkov pri prehliadan\u00ed str\u00e1nok Statisfactory. Tieto sofistikovan\u00e9 n\u00e1stroje n\u00e1m umo\u017e\u0148uj\u00fa z\u00edskava\u0165 neocenite\u013en\u00e9 poznatky o spr\u00e1van\u00ed pou\u017e\u00edvate\u013eov, zlep\u0161ova\u0165 v\u00fdkonnos\u0165 na\u0161ich online kan\u00e1lov a poskytova\u0165 obsah a reklamy, ktor\u00e9 zodpovedaj\u00fa va\u0161im jedine\u010dn\u00fdm z\u00e1ujmom a preferenci\u00e1m. Vyu\u017eit\u00edm sily t\u00fdchto technol\u00f3gi\u00ed sa sna\u017e\u00edme vytvori\u0165 digit\u00e1lny ekosyst\u00e9m, ktor\u00fd je prisp\u00f4soben\u00fd va\u0161im individu\u00e1lnym potreb\u00e1m, \u010d\u00edm zabezpe\u010dujeme, \u017ee ka\u017ed\u00e1 interakcia so spolo\u010dnos\u0165ou Statisfactory je intuit\u00edvna, p\u00fatav\u00e1 a uspokojuj\u00faca.<\/p><h2 class=\"wp-block-heading\">Personalizovan\u00e1 reklama<\/h2><p>V spolo\u010dnosti Statisfactory ver\u00edme v silu personalizovanej reklamy, ktor\u00e1 poskytuje zmyslupln\u00fd obsah a propaga\u010dn\u00e9 akcie, ktor\u00e9 s vami skuto\u010dne rezonuj\u00fa. Prostredn\u00edctvom d\u00f4kladnej anal\u00fdzy va\u0161ich online aktiv\u00edt a interakci\u00ed s na\u0161imi platformami sa sna\u017e\u00edme prezentova\u0165 reklamy, ktor\u00e9 up\u00fataj\u00fa va\u0161u pozornos\u0165 a pridaj\u00fa skuto\u010dn\u00fa hodnotu v\u00e1\u0161mu z\u00e1\u017eitku z prehliadania. Va\u0161e preferencie t\u00fdkaj\u00face sa ochrany s\u00fakromia s\u00fa v\u0161ak pre n\u00e1s prvorad\u00e9 a poskytujeme v\u00e1m mechanizmy, ktor\u00e9 v\u00e1m umo\u017enia odmietnu\u0165 cielen\u00fa reklamu, ak si to \u017eel\u00e1te, \u010d\u00edm zabezpe\u010d\u00edme, \u017ee va\u0161a digit\u00e1lna cesta so spolo\u010dnos\u0165ou Statisfactory sa bude na\u010falej riadi\u0165 va\u0161imi preferenciami a \u00farov\u0148ou pohodlia.<\/p><h2 class=\"wp-block-heading\">Zdie\u013eanie va\u0161ich inform\u00e1ci\u00ed<\/h2><p>Zdie\u013eanie osobn\u00fdch \u00fadajov je v spolo\u010dnosti Statisfactory delik\u00e1tnou \u010dinnos\u0165ou, ktor\u00e1 sa vykon\u00e1va s maxim\u00e1lnou opatrnos\u0165ou a diskr\u00e9tnos\u0165ou. \u00dadaje zverej\u0148ujeme len vtedy, ke\u010f je to nevyhnutn\u00e9 a vhodn\u00e9, \u010di u\u017e na u\u013eah\u010denie poskytovania slu\u017eieb, vytv\u00e1ranie partnerstiev s d\u00f4veryhodn\u00fdmi spojencami alebo organizovanie spolo\u010dn\u00fdch propaga\u010dn\u00fdch aktiv\u00edt. Po\u010das ka\u017edej interakcie uprednost\u0148ujeme bezpe\u010dnos\u0165 a d\u00f4vernos\u0165 va\u0161ich \u00fadajov, \u010d\u00edm zabezpe\u010dujeme, aby va\u0161e s\u00fakromie zostalo neochvejn\u00e9 a nekompromisn\u00e9.<\/p><h2 class=\"wp-block-heading\">Va\u0161e mo\u017enosti a pr\u00e1va<\/h2><p>Hlavn\u00fdm princ\u00edpom na\u0161ej filozofie v spolo\u010dnosti Statisfactory je umo\u017eni\u0165 v\u00e1m z\u00edska\u0165 kontrolu nad va\u0161imi osobn\u00fdmi \u00fadajmi. \u010ci u\u017e ide o spr\u00e1vu va\u0161ich komunika\u010dn\u00fdch preferenci\u00ed, pr\u00edstup k nezrovnalostiam v \u00fadajoch a ich opravu, alebo o uplatnenie v\u00e1\u0161ho pr\u00e1va odmietnu\u0165 ur\u010dit\u00e9 \u010dinnosti spracovania \u00fadajov, pon\u00fakame v\u00e1m nespo\u010detn\u00e9 mno\u017estvo mo\u017enost\u00ed, ako si s nami utv\u00e1ra\u0165 svoje digit\u00e1lne sk\u00fasenosti. Va\u0161e s\u00fakromie je nedotknute\u013en\u00e9 a my sme neochvejne odhodlan\u00ed re\u0161pektova\u0165 va\u0161e vo\u013eby a preferencie na ka\u017edom kroku.<\/p><h2 class=\"wp-block-heading\">Ochrana va\u0161ich inform\u00e1ci\u00ed<\/h2><p>Ochrana nedotknute\u013enosti va\u0161ich osobn\u00fdch \u00fadajov je v spolo\u010dnosti Statisfactory neochvejnou prioritou a na zabezpe\u010denie ich integrity a d\u00f4vernosti pou\u017e\u00edvame komplexn\u00fd s\u00fabor bezpe\u010dnostn\u00fdch opatren\u00ed. N\u00e1\u0161 mnohostrann\u00fd pr\u00edstup k bezpe\u010dnosti \u00fadajov je v s\u00falade s osved\u010den\u00fdmi postupmi v odvetv\u00ed a regula\u010dn\u00fdmi po\u017eiadavkami - od pr\u00edsnych administrat\u00edvnych protokolov a\u017e po najmodernej\u0161ie technick\u00e9 z\u00e1ruky a robustn\u00e9 fyzick\u00e9 bari\u00e9ry. Posilnen\u00edm na\u0161ej ochrany proti neopr\u00e1vnen\u00e9mu pr\u00edstupu, zverejneniu, zmene alebo zni\u010deniu va\u0161ich \u00fadajov chr\u00e1nime nedotknute\u013enos\u0165 v\u00e1\u0161ho s\u00fakromia a vzbudzujeme neochvejn\u00fa d\u00f4veru v spolo\u010dnos\u0165 Statisfactory ako v\u00e1\u0161ho d\u00f4veryhodn\u00e9ho digit\u00e1lneho partnera.<\/p><h2 class=\"wp-block-heading\">Ako dlho uchov\u00e1vame va\u0161e inform\u00e1cie<\/h2><p>N\u00e1\u0161 z\u00e1v\u00e4zok chr\u00e1ni\u0165 va\u0161e osobn\u00e9 \u00fadaje presahuje r\u00e1mec ich prvotn\u00e9ho zhroma\u017e\u010fovania a zah\u0155\u0148a aj ich uchov\u00e1vanie a pr\u00edpadn\u00fa likvid\u00e1ciu. Va\u0161e \u00fadaje uchov\u00e1vame len tak dlho, ako je to potrebn\u00e9 na splnenie \u00fa\u010delov uveden\u00fdch v t\u00fdchto z\u00e1sad\u00e1ch ochrany osobn\u00fdch \u00fadajov a na splnenie z\u00e1konn\u00fdch povinnost\u00ed. Ke\u010f va\u0161e \u00fadaje splnia svoj \u00fa\u010del, pou\u017e\u00edvame pr\u00edsne protokoly na ich bezpe\u010dn\u00fa likvid\u00e1ciu alebo anonymiz\u00e1ciu, \u010d\u00edm zni\u017eujeme riziko neopr\u00e1vnen\u00e9ho pr\u00edstupu alebo zneu\u017eitia. Va\u0161e s\u00fakromie a bezpe\u010dnos\u0165 \u00fadajov s\u00fa hlavn\u00fdmi aspektmi na\u0161ich postupov uchov\u00e1vania \u00fadajov, \u010do odr\u00e1\u017ea n\u00e1\u0161 pevn\u00fd z\u00e1v\u00e4zok zachova\u0165 integritu a d\u00f4vernos\u0165 va\u0161ich inform\u00e1ci\u00ed po\u010das cel\u00e9ho \u017eivotn\u00e9ho cyklu v spolo\u010dnosti Statisfactory.<\/p><h2 class=\"wp-block-heading\">Inform\u00e1cie o malolet\u00fdch<\/h2><p>Spolo\u010dnos\u0165 Statisfactory je neochvejne odhodlan\u00e1 chr\u00e1ni\u0165 s\u00fakromie det\u00ed. Na\u0161e online kan\u00e1ly nie s\u00fa ur\u010den\u00e9 pre osoby mlad\u0161ie ako 18 rokov a vedome nezhroma\u017e\u010fujeme ani nevy\u017eadujeme osobn\u00e9 \u00fadaje od t\u00fdchto os\u00f4b. Ak m\u00e1te podozrenie, \u017ee n\u00e1m osoba mlad\u0161ia ako 18 rokov poskytla osobn\u00e9 \u00fadaje bez s\u00fahlasu rodi\u010dov, okam\u017eite n\u00e1s kontaktujte, aby sme mohli prija\u0165 pr\u00edslu\u0161n\u00e9 n\u00e1pravn\u00e9 opatrenia.<\/p><h2 class=\"wp-block-heading\">Aktualiz\u00e1cie na\u0161ich z\u00e1sad<\/h2><p>Ke\u010f\u017ee sa na\u0161e podnikanie vyv\u00edja a regula\u010dn\u00e9 prostredie sa men\u00ed, m\u00f4\u017eeme tieto z\u00e1sady ochrany osobn\u00fdch \u00fadajov aktualizova\u0165 tak, aby odr\u00e1\u017eali nov\u00e9 postupy a z\u00e1v\u00e4zky. Odpor\u00fa\u010dame v\u00e1m, aby ste si tieto z\u00e1sady pravidelne prezerali, aby ste boli informovan\u00ed o v\u0161etk\u00fdch zmen\u00e1ch v sp\u00f4sobe zhroma\u017e\u010fovania, pou\u017e\u00edvania a ochrany va\u0161ich osobn\u00fdch \u00fadajov. Ak d\u00f4jde k v\u00fdznamn\u00fdm zmen\u00e1m, poskytneme v\u00fdrazn\u00e9 upozornenie, aby sme zabezpe\u010dili transparentnos\u0165 a zrozumite\u013enos\u0165 na\u0161ich postupov ochrany osobn\u00fdch \u00fadajov.<\/p><h2 class=\"wp-block-heading\">Kontaktn\u00e9 inform\u00e1cie<\/h2><p>Ak m\u00e1te ak\u00e9ko\u013evek ot\u00e1zky, obavy alebo po\u017eiadavky t\u00fdkaj\u00face sa na\u0161ich z\u00e1sad ochrany osobn\u00fdch \u00fadajov alebo zaobch\u00e1dzania s va\u0161imi osobn\u00fdmi \u00fadajmi, odpor\u00fa\u010dame v\u00e1m, aby ste sa na n\u00e1s obr\u00e1tili. N\u00e1\u0161 \u0161pecializovan\u00fd t\u00edm podpory v\u00e1m m\u00f4\u017ee pom\u00f4c\u0165:<br><br><\/p><ul><li>Prostredn\u00edctvom e-mailu na adrese <a href=\"http:\/\/info@statisfactory.io\/sk\/\">info@statisfactory.io<\/a>;<\/li>\n\n<li>Telefonicky na <a href=\"tel:+421233329721\">+421233329721<\/a>;<\/li>\n\n<li>Alebo prostredn\u00edctvom kontaktn\u00e9ho formul\u00e1ra na webovej str\u00e1nke: <a href=\"https:\/\/statisfactory.io\/sk\/contact\/\">https:\/\/statisfactory.io\/contact\/<\/a>.<\/li><\/ul><p>Va\u0161a sp\u00e4tn\u00e1 v\u00e4zba je pre n\u00e1s neocenite\u013en\u00e1 a zav\u00e4zujeme sa, \u017ee v\u0161etky ot\u00e1zky alebo probl\u00e9my budeme rie\u0161i\u0165 r\u00fdchlo a transparentne.<\/p>","protected":false},"excerpt":{"rendered":"<p>Policy Coverage This Privacy Policy delineates Statisfactory Group s .r o.\u2019s commitment with its registered address at Bratislava, Budatinska 16, 851 06, Slovak Republic, email address info@statisfactory.io, and phone number +421233329721 to safeguard your privacy across all operations. Whether you interact with us through our digital platforms or offline channels, this policy governs collecting, processing, [&hellip;]<\/p>","protected":false},"author":1,"featured_media":0,"parent":0,"menu_order":0,"comment_status":"closed","ping_status":"open","template":"template-pages\/policy-template.php","meta":{"_acf_changed":false,"footnotes":""},"acf":[],"yoast_head":"<!-- This site is optimized with the Yoast SEO plugin v23.0 - https:\/\/yoast.com\/wordpress\/plugins\/seo\/ -->\n<title>Privacy Policy - Statisfactory<\/title>\n<meta name=\"robots\" content=\"index, follow, max-snippet:-1, max-image-preview:large, max-video-preview:-1\" \/>\n<link rel=\"canonical\" href=\"https:\/\/statisfactory.io\/sk\/privacy-policy\/\" \/>\n<meta property=\"og:locale\" content=\"sk_SK\" \/>\n<meta property=\"og:type\" content=\"article\" \/>\n<meta property=\"og:title\" content=\"Privacy Policy - Statisfactory\" \/>\n<meta property=\"og:description\" content=\"Policy Coverage This Privacy Policy delineates Statisfactory Group s .r o.\u2019s commitment with its registered address at Bratislava, Budatinska 16, 851 06, Slovak Republic, email address info@statisfactory.io, and phone number +421233329721 to safeguard your privacy across all operations. Whether you interact with us through our digital platforms or offline channels, this policy governs collecting, processing, [&hellip;]\" \/>\n<meta property=\"og:url\" content=\"https:\/\/statisfactory.io\/sk\/privacy-policy\/\" \/>\n<meta property=\"og:site_name\" content=\"Statisfactory\" \/>\n<meta property=\"article:modified_time\" content=\"2024-05-07T14:20:33+00:00\" \/>\n<meta name=\"twitter:card\" content=\"summary_large_image\" \/>\n<meta name=\"twitter:label1\" content=\"Predpokladan\u00fd \u010das \u010d\u00edtania\" \/>\n\t<meta name=\"twitter:data1\" content=\"6 min\u00fat\" \/>\n<script type=\"application\/ld+json\" class=\"yoast-schema-graph\">{\"@context\":\"https:\/\/schema.org\",\"@graph\":[{\"@type\":\"WebPage\",\"@id\":\"https:\/\/statisfactory.io\/privacy-policy\/\",\"url\":\"https:\/\/statisfactory.io\/privacy-policy\/\",\"name\":\"Privacy Policy - Statisfactory\",\"isPartOf\":{\"@id\":\"https:\/\/statisfactory.io\/#website\"},\"datePublished\":\"2024-04-30T13:04:29+00:00\",\"dateModified\":\"2024-05-07T14:20:33+00:00\",\"breadcrumb\":{\"@id\":\"https:\/\/statisfactory.io\/privacy-policy\/#breadcrumb\"},\"inLanguage\":\"sk-SK\",\"potentialAction\":[{\"@type\":\"ReadAction\",\"target\":[\"https:\/\/statisfactory.io\/privacy-policy\/\"]}]},{\"@type\":\"BreadcrumbList\",\"@id\":\"https:\/\/statisfactory.io\/privacy-policy\/#breadcrumb\",\"itemListElement\":[{\"@type\":\"ListItem\",\"position\":1,\"name\":\"Home\",\"item\":\"https:\/\/statisfactory.io\/\"},{\"@type\":\"ListItem\",\"position\":2,\"name\":\"Privacy Policy\"}]},{\"@type\":\"WebSite\",\"@id\":\"https:\/\/statisfactory.io\/#website\",\"url\":\"https:\/\/statisfactory.io\/\",\"name\":\"Statisfactory\",\"description\":\"\",\"publisher\":{\"@id\":\"https:\/\/statisfactory.io\/#organization\"},\"potentialAction\":[{\"@type\":\"SearchAction\",\"target\":{\"@type\":\"EntryPoint\",\"urlTemplate\":\"https:\/\/statisfactory.io\/?s={search_term_string}\"},\"query-input\":\"required name=search_term_string\"}],\"inLanguage\":\"sk-SK\"},{\"@type\":\"Organization\",\"@id\":\"https:\/\/statisfactory.io\/#organization\",\"name\":\"Statisfactory\",\"url\":\"https:\/\/statisfactory.io\/\",\"logo\":{\"@type\":\"ImageObject\",\"inLanguage\":\"sk-SK\",\"@id\":\"https:\/\/statisfactory.io\/#\/schema\/logo\/image\/\",\"url\":\"https:\/\/statisfactory.io\/wp-content\/uploads\/2024\/05\/statisfactory_logo.svg\",\"contentUrl\":\"https:\/\/statisfactory.io\/wp-content\/uploads\/2024\/05\/statisfactory_logo.svg\",\"width\":211,\"height\":32,\"caption\":\"Statisfactory\"},\"image\":{\"@id\":\"https:\/\/statisfactory.io\/#\/schema\/logo\/image\/\"}}]}<\/script>\n<!-- \/ Yoast SEO plugin. -->","yoast_head_json":{"title":"Privacy Policy - Statisfactory","robots":{"index":"index","follow":"follow","max-snippet":"max-snippet:-1","max-image-preview":"max-image-preview:large","max-video-preview":"max-video-preview:-1"},"canonical":"https:\/\/statisfactory.io\/sk\/privacy-policy\/","og_locale":"sk_SK","og_type":"article","og_title":"Privacy Policy - Statisfactory","og_description":"Policy Coverage This Privacy Policy delineates Statisfactory Group s .r o.\u2019s commitment with its registered address at Bratislava, Budatinska 16, 851 06, Slovak Republic, email address info@statisfactory.io, and phone number +421233329721 to safeguard your privacy across all operations. Whether you interact with us through our digital platforms or offline channels, this policy governs collecting, processing, [&hellip;]","og_url":"https:\/\/statisfactory.io\/sk\/privacy-policy\/","og_site_name":"Statisfactory","article_modified_time":"2024-05-07T14:20:33+00:00","twitter_card":"summary_large_image","twitter_misc":{"Predpokladan\u00fd \u010das \u010d\u00edtania":"6 min\u00fat"},"schema":{"@context":"https:\/\/schema.org","@graph":[{"@type":"WebPage","@id":"https:\/\/statisfactory.io\/privacy-policy\/","url":"https:\/\/statisfactory.io\/privacy-policy\/","name":"Privacy Policy - Statisfactory","isPartOf":{"@id":"https:\/\/statisfactory.io\/#website"},"datePublished":"2024-04-30T13:04:29+00:00","dateModified":"2024-05-07T14:20:33+00:00","breadcrumb":{"@id":"https:\/\/statisfactory.io\/privacy-policy\/#breadcrumb"},"inLanguage":"sk-SK","potentialAction":[{"@type":"ReadAction","target":["https:\/\/statisfactory.io\/privacy-policy\/"]}]},{"@type":"BreadcrumbList","@id":"https:\/\/statisfactory.io\/privacy-policy\/#breadcrumb","itemListElement":[{"@type":"ListItem","position":1,"name":"Home","item":"https:\/\/statisfactory.io\/"},{"@type":"ListItem","position":2,"name":"Privacy Policy"}]},{"@type":"WebSite","@id":"https:\/\/statisfactory.io\/#website","url":"https:\/\/statisfactory.io\/","name":"Statisfactory","description":"","publisher":{"@id":"https:\/\/statisfactory.io\/#organization"},"potentialAction":[{"@type":"SearchAction","target":{"@type":"EntryPoint","urlTemplate":"https:\/\/statisfactory.io\/?s={search_term_string}"},"query-input":"required name=search_term_string"}],"inLanguage":"sk-SK"},{"@type":"Organization","@id":"https:\/\/statisfactory.io\/#organization","name":"Statisfactory","url":"https:\/\/statisfactory.io\/","logo":{"@type":"ImageObject","inLanguage":"sk-SK","@id":"https:\/\/statisfactory.io\/#\/schema\/logo\/image\/","url":"https:\/\/statisfactory.io\/wp-content\/uploads\/2024\/05\/statisfactory_logo.svg","contentUrl":"https:\/\/statisfactory.io\/wp-content\/uploads\/2024\/05\/statisfactory_logo.svg","width":211,"height":32,"caption":"Statisfactory"},"image":{"@id":"https:\/\/statisfactory.io\/#\/schema\/logo\/image\/"}}]}},"_links":{"self":[{"href":"https:\/\/statisfactory.io\/sk\/wp-json\/wp\/v2\/pages\/3"}],"collection":[{"href":"https:\/\/statisfactory.io\/sk\/wp-json\/wp\/v2\/pages"}],"about":[{"href":"https:\/\/statisfactory.io\/sk\/wp-json\/wp\/v2\/types\/page"}],"author":[{"embeddable":true,"href":"https:\/\/statisfactory.io\/sk\/wp-json\/wp\/v2\/users\/1"}],"replies":[{"embeddable":true,"href":"https:\/\/statisfactory.io\/sk\/wp-json\/wp\/v2\/comments?post=3"}],"version-history":[{"count":9,"href":"https:\/\/statisfactory.io\/sk\/wp-json\/wp\/v2\/pages\/3\/revisions"}],"predecessor-version":[{"id":276,"href":"https:\/\/statisfactory.io\/sk\/wp-json\/wp\/v2\/pages\/3\/revisions\/276"}],"wp:attachment":[{"href":"https:\/\/statisfactory.io\/sk\/wp-json\/wp\/v2\/media?parent=3"}],"curies":[{"name":"wp","href":"https:\/\/api.w.org\/{rel}","templated":true}]}}